{"id":6929,"date":"2022-03-29T11:21:38","date_gmt":"2022-03-29T09:21:38","guid":{"rendered":"https:\/\/www.glassteel.sk\/kontakt\/"},"modified":"2026-02-02T12:01:30","modified_gmt":"2026-02-02T11:01:30","slug":"kontakt","status":"publish","type":"page","link":"https:\/\/www.glassteel.sk\/de\/kontakt\/","title":{"rendered":"Kontakt"},"content":{"rendered":"[vc_row type=&#8220;full_width_content&#8220; full_screen_row_position=&#8220;middle&#8220; column_margin=&#8220;default&#8220; column_direction=&#8220;default&#8220; column_direction_tablet=&#8220;default&#8220; column_direction_phone=&#8220;default&#8220; bg_color=&#8220;#f5f5f5&#8243; scene_position=&#8220;center&#8220; text_color=&#8220;dark&#8220; text_align=&#8220;left&#8220; row_border_radius=&#8220;none&#8220; row_border_radius_applies=&#8220;bg&#8220; overlay_strength=&#8220;0.3&#8243; gradient_direction=&#8220;left_to_right&#8220; shape_divider_position=&#8220;bottom&#8220; bg_image_animation=&#8220;none&#8220; shape_type=&#8220;&#8220;][vc_column column_padding=&#8220;no-extra-padding&#8220; column_padding_tablet=&#8220;padding-6-percent&#8220; column_padding_phone=&#8220;inherit&#8220; column_padding_position=&#8220;all&#8220; background_color_opacity=&#8220;1&#8243; background_hover_color_opacity=&#8220;1&#8243; column_shadow=&#8220;none&#8220; column_border_radius=&#8220;none&#8220; column_link_target=&#8220;_self&#8220; gradient_direction=&#8220;left_to_right&#8220; overlay_strength=&#8220;0.3&#8243; width=&#8220;1\/2&#8243; tablet_width_inherit=&#8220;default&#8220; tablet_text_alignment=&#8220;default&#8220; phone_text_alignment=&#8220;default&#8220; column_border_width=&#8220;none&#8220; column_border_style=&#8220;solid&#8220; bg_image_animation=&#8220;none&#8220;][nectar_gmap map_type=&#8220;leaflet&#8220; zoom=&#8220;17&#8243; marker_style=&#8220;default&#8220; color=&#8220;accent-color&#8220; leaflet_map_greyscale=&#8220;1&#8243; size=&#8220;750&#8243; map_center_lat=&#8220;48.9439495&#8243; map_center_lng=&#8220;20.5710141&#8243; map_markers=&#8220;48.9439495|20.5710141| Glassteel&#8220;][\/vc_column][vc_column column_padding=&#8220;padding-7-percent&#8220; column_padding_tablet=&#8220;inherit&#8220; column_padding_phone=&#8220;inherit&#8220; column_padding_position=&#8220;all&#8220; background_color_opacity=&#8220;1&#8243; background_hover_color_opacity=&#8220;1&#8243; column_shadow=&#8220;none&#8220; column_border_radius=&#8220;none&#8220; column_link_target=&#8220;_self&#8220; gradient_direction=&#8220;left_to_right&#8220; overlay_strength=&#8220;0.3&#8243; width=&#8220;1\/2&#8243; tablet_width_inherit=&#8220;default&#8220; tablet_text_alignment=&#8220;default&#8220; phone_text_alignment=&#8220;default&#8220; column_border_width=&#8220;none&#8220; column_border_style=&#8220;solid&#8220; bg_image_animation=&#8220;none&#8220;][vc_column_text]\n<h3>Kontakt<\/h3>\n<p id=\"tw-target-text\" class=\"tw-data-text tw-text-large tw-ta\" dir=\"ltr\" data-placeholder=\"Preklad\"><span class=\"Y2IQFc\" lang=\"de\">Wenn Sie Fragen haben oder uns ein Preisangebot senden, z\u00f6gern Sie nicht, uns zu kontaktieren.<\/span><\/p>\n<p>Telefon:<br \/>\n<a style=\"color: #fc3228;\" href=\"tel:+421 914 437 872\">+421 914 437 872<\/a><br \/>\nE-mail:<br \/>\n<a style=\"color: #fc3228;\" href=\"mailto:filip.petrovic@glassteel.sk\">filip.petrovic@glassteel.sk<\/a><\/p>\n<h5>Glassteel s.r.o.<\/h5>\n<p>Business ID: 52240321<br \/>\nTax ID: 2120951833<br \/>\nLetn\u00e1 70<br \/>\n052 01 Spi\u0161sk\u00e1 Nov\u00e1 Ves<br \/>\nSlovakia[\/vc_column_text][\/vc_column][\/vc_row]\n<style>\n.ink-banner {\n  position: fixed;\n  left: 16px;\n  bottom: 16px;\n  z-index: 9999;\n  background: #1e88e5;          \n  color: #ffffff;\n  padding: 14px 20px;\n  border-radius: 8px;\n  box-shadow: 0 6px 20px rgba(0,0,0,0.2);\n  font-family: sans-serif;\n  font-size: 16px;\n  line-height: 1.4;\n  max-width: calc(100vw - 32px);\n  display: flex;\n  align-items: center;\n  gap: 12px;\n  transition: transform 0.3s ease, opacity 0.3s ease;\n}\n.ink-banner a {\n  color: #fff;\n  text-decoration: underline;\n}\n.ink-banner__close {\n  background: rgba(255,255,255,0.15);\n  border: none;\n  color: #fff;\n  padding: 6px 10px;\n  border-radius: 6px;\n  cursor: pointer;\n}\n.ink-banner__close:hover {\n  background: rgba(255,255,255,0.25);\n}\n@media (max-width: 600px) {\n  .ink-banner { font-size: 14px; padding: 12px; left: 12px; bottom: 12px; }\n}\n<\/style>\n<div class=\"ink-banner\" aria-live=\"polite\" role=\"status\">\n  <span>Wir setzen sofort um!<\/span><br \/>\n  <button class=\"ink-banner__close\" aria-label=\"Zavrie\u0165 banner\" onclick=\"this.parentElement.style.display='none';\">Verstecken <\/button>\n<\/div>\n","protected":false},"excerpt":{"rendered":"<p>[vc_row type=&#8220;full_width_content&#8220; full_screen_row_position=&#8220;middle&#8220; column_margin=&#8220;default&#8220; column_direction=&#8220;default&#8220; column_direction_tablet=&#8220;default&#8220; column_direction_phone=&#8220;default&#8220; bg_color=&#8220;#f5f5f5&#8243; scene_position=&#8220;center&#8220; text_color=&#8220;dark&#8220; text_align=&#8220;left&#8220; row_border_radius=&#8220;none&#8220; row_border_radius_applies=&#8220;bg&#8220; overlay_strength=&#8220;0.3&#8243; gradient_direction=&#8220;left_to_right&#8220; shape_divider_position=&#8220;bottom&#8220; bg_image_animation=&#8220;none&#8220; shape_type=&#8220;&#8220;][vc_column column_padding=&#8220;no-extra-padding&#8220; column_padding_tablet=&#8220;padding-6-percent&#8220; column_padding_phone=&#8220;inherit&#8220; column_padding_position=&#8220;all&#8220; background_color_opacity=&#8220;1&#8243; background_hover_color_opacity=&#8220;1&#8243; column_shadow=&#8220;none&#8220; column_border_radius=&#8220;none&#8220; column_link_target=&#8220;_self&#8220; gradient_direction=&#8220;left_to_right&#8220; overlay_strength=&#8220;0.3&#8243; width=&#8220;1\/2&#8243;&#8230;<\/p>\n","protected":false},"author":1,"featured_media":0,"parent":0,"menu_order":0,"comment_status":"closed","ping_status":"closed","template":"","meta":[],"yoast_head":"<!-- This site is optimized with the Yoast SEO plugin v18.4.1 - https:\/\/yoast.com\/wordpress\/plugins\/seo\/ -->\n<title>Kontakt - Glassteel<\/title>\n<meta name=\"robots\" content=\"index, follow, max-snippet:-1, max-image-preview:large, max-video-preview:-1\" \/>\n<link rel=\"canonical\" href=\"https:\/\/www.glassteel.sk\/de\/kontakt\/\" \/>\n<meta property=\"og:locale\" content=\"de_DE\" \/>\n<meta property=\"og:type\" content=\"article\" \/>\n<meta property=\"og:title\" content=\"Kontakt - Glassteel\" \/>\n<meta property=\"og:description\" content=\"[vc_row type=&#8220;full_width_content&#8220; full_screen_row_position=&#8220;middle&#8220; column_margin=&#8220;default&#8220; column_direction=&#8220;default&#8220; column_direction_tablet=&#8220;default&#8220; column_direction_phone=&#8220;default&#8220; bg_color=&#8220;#f5f5f5&#8243; scene_position=&#8220;center&#8220; text_color=&#8220;dark&#8220; text_align=&#8220;left&#8220; row_border_radius=&#8220;none&#8220; row_border_radius_applies=&#8220;bg&#8220; overlay_strength=&#8220;0.3&#8243; gradient_direction=&#8220;left_to_right&#8220; shape_divider_position=&#8220;bottom&#8220; bg_image_animation=&#8220;none&#8220; shape_type=&#8220;&#8220;][vc_column column_padding=&#8220;no-extra-padding&#8220; column_padding_tablet=&#8220;padding-6-percent&#8220; column_padding_phone=&#8220;inherit&#8220; column_padding_position=&#8220;all&#8220; background_color_opacity=&#8220;1&#8243; background_hover_color_opacity=&#8220;1&#8243; column_shadow=&#8220;none&#8220; column_border_radius=&#8220;none&#8220; column_link_target=&#8220;_self&#8220; gradient_direction=&#8220;left_to_right&#8220; overlay_strength=&#8220;0.3&#8243; width=&#8220;1\/2&#8243;...\" \/>\n<meta property=\"og:url\" content=\"https:\/\/www.glassteel.sk\/de\/kontakt\/\" \/>\n<meta property=\"og:site_name\" content=\"Glassteel\" \/>\n<meta property=\"article:modified_time\" content=\"2026-02-02T11:01:30+00:00\" \/>\n<meta name=\"twitter:card\" content=\"summary_large_image\" \/>\n<meta name=\"twitter:label1\" content=\"Gesch\u00e4tzte Lesezeit\" \/>\n\t<meta name=\"twitter:data1\" content=\"1 Minute\" \/>\n<script type=\"application\/ld+json\" class=\"yoast-schema-graph\">{\"@context\":\"https:\/\/schema.org\",\"@graph\":[{\"@type\":\"WebSite\",\"@id\":\"https:\/\/www.glassteel.sk\/#website\",\"url\":\"https:\/\/www.glassteel.sk\/\",\"name\":\"Glassteel\",\"description\":\"Sklenen\u00e9 z\u00e1bradlia\",\"potentialAction\":[{\"@type\":\"SearchAction\",\"target\":{\"@type\":\"EntryPoint\",\"urlTemplate\":\"https:\/\/www.glassteel.sk\/?s={search_term_string}\"},\"query-input\":\"required name=search_term_string\"}],\"inLanguage\":\"de-DE\"},{\"@type\":\"WebPage\",\"@id\":\"https:\/\/www.glassteel.sk\/de\/kontakt\/#webpage\",\"url\":\"https:\/\/www.glassteel.sk\/de\/kontakt\/\",\"name\":\"Kontakt - Glassteel\",\"isPartOf\":{\"@id\":\"https:\/\/www.glassteel.sk\/#website\"},\"datePublished\":\"2022-03-29T09:21:38+00:00\",\"dateModified\":\"2026-02-02T11:01:30+00:00\",\"breadcrumb\":{\"@id\":\"https:\/\/www.glassteel.sk\/de\/kontakt\/#breadcrumb\"},\"inLanguage\":\"de-DE\",\"potentialAction\":[{\"@type\":\"ReadAction\",\"target\":[\"https:\/\/www.glassteel.sk\/de\/kontakt\/\"]}]},{\"@type\":\"BreadcrumbList\",\"@id\":\"https:\/\/www.glassteel.sk\/de\/kontakt\/#breadcrumb\",\"itemListElement\":[{\"@type\":\"ListItem\",\"position\":1,\"name\":\"Domovsk\u00e1 str\u00e1nka\",\"item\":\"https:\/\/www.glassteel.sk\/de\/\"},{\"@type\":\"ListItem\",\"position\":2,\"name\":\"Kontakt\"}]}]}<\/script>\n<!-- \/ Yoast SEO plugin. -->","yoast_head_json":{"title":"Kontakt - Glassteel","robots":{"index":"index","follow":"follow","max-snippet":"max-snippet:-1","max-image-preview":"max-image-preview:large","max-video-preview":"max-video-preview:-1"},"canonical":"https:\/\/www.glassteel.sk\/de\/kontakt\/","og_locale":"de_DE","og_type":"article","og_title":"Kontakt - Glassteel","og_description":"[vc_row type=&#8220;full_width_content&#8220; full_screen_row_position=&#8220;middle&#8220; column_margin=&#8220;default&#8220; column_direction=&#8220;default&#8220; column_direction_tablet=&#8220;default&#8220; column_direction_phone=&#8220;default&#8220; bg_color=&#8220;#f5f5f5&#8243; scene_position=&#8220;center&#8220; text_color=&#8220;dark&#8220; text_align=&#8220;left&#8220; row_border_radius=&#8220;none&#8220; row_border_radius_applies=&#8220;bg&#8220; overlay_strength=&#8220;0.3&#8243; gradient_direction=&#8220;left_to_right&#8220; shape_divider_position=&#8220;bottom&#8220; bg_image_animation=&#8220;none&#8220; shape_type=&#8220;&#8220;][vc_column column_padding=&#8220;no-extra-padding&#8220; column_padding_tablet=&#8220;padding-6-percent&#8220; column_padding_phone=&#8220;inherit&#8220; column_padding_position=&#8220;all&#8220; background_color_opacity=&#8220;1&#8243; background_hover_color_opacity=&#8220;1&#8243; column_shadow=&#8220;none&#8220; column_border_radius=&#8220;none&#8220; column_link_target=&#8220;_self&#8220; gradient_direction=&#8220;left_to_right&#8220; overlay_strength=&#8220;0.3&#8243; width=&#8220;1\/2&#8243;...","og_url":"https:\/\/www.glassteel.sk\/de\/kontakt\/","og_site_name":"Glassteel","article_modified_time":"2026-02-02T11:01:30+00:00","twitter_card":"summary_large_image","twitter_misc":{"Gesch\u00e4tzte Lesezeit":"1 Minute"},"schema":{"@context":"https:\/\/schema.org","@graph":[{"@type":"WebSite","@id":"https:\/\/www.glassteel.sk\/#website","url":"https:\/\/www.glassteel.sk\/","name":"Glassteel","description":"Sklenen\u00e9 z\u00e1bradlia","potentialAction":[{"@type":"SearchAction","target":{"@type":"EntryPoint","urlTemplate":"https:\/\/www.glassteel.sk\/?s={search_term_string}"},"query-input":"required name=search_term_string"}],"inLanguage":"de-DE"},{"@type":"WebPage","@id":"https:\/\/www.glassteel.sk\/de\/kontakt\/#webpage","url":"https:\/\/www.glassteel.sk\/de\/kontakt\/","name":"Kontakt - Glassteel","isPartOf":{"@id":"https:\/\/www.glassteel.sk\/#website"},"datePublished":"2022-03-29T09:21:38+00:00","dateModified":"2026-02-02T11:01:30+00:00","breadcrumb":{"@id":"https:\/\/www.glassteel.sk\/de\/kontakt\/#breadcrumb"},"inLanguage":"de-DE","potentialAction":[{"@type":"ReadAction","target":["https:\/\/www.glassteel.sk\/de\/kontakt\/"]}]},{"@type":"BreadcrumbList","@id":"https:\/\/www.glassteel.sk\/de\/kontakt\/#breadcrumb","itemListElement":[{"@type":"ListItem","position":1,"name":"Domovsk\u00e1 str\u00e1nka","item":"https:\/\/www.glassteel.sk\/de\/"},{"@type":"ListItem","position":2,"name":"Kontakt"}]}]}},"_links":{"self":[{"href":"https:\/\/www.glassteel.sk\/de\/wp-json\/wp\/v2\/pages\/6929"}],"collection":[{"href":"https:\/\/www.glassteel.sk\/de\/wp-json\/wp\/v2\/pages"}],"about":[{"href":"https:\/\/www.glassteel.sk\/de\/wp-json\/wp\/v2\/types\/page"}],"author":[{"embeddable":true,"href":"https:\/\/www.glassteel.sk\/de\/wp-json\/wp\/v2\/users\/1"}],"replies":[{"embeddable":true,"href":"https:\/\/www.glassteel.sk\/de\/wp-json\/wp\/v2\/comments?post=6929"}],"version-history":[{"count":10,"href":"https:\/\/www.glassteel.sk\/de\/wp-json\/wp\/v2\/pages\/6929\/revisions"}],"predecessor-version":[{"id":7488,"href":"https:\/\/www.glassteel.sk\/de\/wp-json\/wp\/v2\/pages\/6929\/revisions\/7488"}],"wp:attachment":[{"href":"https:\/\/www.glassteel.sk\/de\/wp-json\/wp\/v2\/media?parent=6929"}],"curies":[{"name":"wp","href":"https:\/\/api.w.org\/{rel}","templated":true}]}}