{"id":6969,"date":"2022-01-21T11:27:47","date_gmt":"2022-01-21T10:27:47","guid":{"rendered":"https:\/\/www.glassteel.sk\/datenschutz-bestimmungen\/"},"modified":"2022-03-29T15:46:12","modified_gmt":"2022-03-29T13:46:12","slug":"datenschutz-bestimmungen","status":"publish","type":"page","link":"https:\/\/www.glassteel.sk\/de\/datenschutz-bestimmungen\/","title":{"rendered":"Datenschutz-Bestimmungen"},"content":{"rendered":"&#13;\n<h2 id=\"kto-sme\">Wer wir sind<\/h2>&#13;\n&#13;\n<p>Die Adresse unserer Website lautet: https:\/\/www.glassteel.sk.<\/p>&#13;\n&#13;\n<h2 id=\"komentare\">Bemerkungen<\/h2>&#13;\n&#13;\n<p>Wenn Website-Besucher Kommentare auf einer Seite hinterlassen, erfassen wir die Daten, die im Kommentarformular angezeigt werden, sowie die IP-Adresse der Benutzer und den User-Agent des Browsers zum Schutz vor Spam.<\/p>&#13;\n&#13;\n<p>Eine anonymisierte Zeichenfolge, die aus Ihrer E-Mail-Adresse erstellt wird (auch als Hash bezeichnet), kann Gravatar zur Verf\u00fcgung gestellt werden, um zu \u00fcberpr\u00fcfen, ob Sie sie verwenden. Die Datenschutzerkl\u00e4rung von Gravatar finden Sie unter: https:\/\/automattic.com\/privacy\/. Sobald Ihr Kommentar genehmigt wurde, wird Ihr Profilfoto zusammen mit dem Inhalt Ihres Kommentars \u00f6ffentlich angezeigt.<\/p>&#13;\n&#13;\n<h2 id=\"multimedia\">Multimedia<\/h2>&#13;\n&#13;\n<p>Beim Hochladen von Bildern auf eine Webseite sollten Sie vermeiden, Bilder mit EXIF-GPS-Standortdaten hochzuladen. Website-Besucher k\u00f6nnen beliebige Standortdaten aus den Bildern herunterladen und anzeigen.<\/p>&#13;\n&#13;\n<h2 id=\"subory-cookies\">Cookies<\/h2>&#13;\n&#13;\n<p>Wenn Sie einen Kommentar auf unserer Seite hinterlassen, k\u00f6nnen Sie der Speicherung Ihres Namens, Ihrer E-Mail-Adresse und Ihrer Website in Cookies zustimmen. Dies dient Ihrer Bequemlichkeit, damit Sie Ihre Daten nicht erneut eingeben m\u00fcssen, wenn Sie einen weiteren Kommentar hinzuf\u00fcgen. Diese Cookies sind ein Jahr g\u00fcltig.<\/p>&#13;\n&#13;\n<p>Wenn Sie unsere Anmeldeseite besuchen, speichern wir tempor\u00e4re Cookies, um festzustellen, ob Ihr Browser Cookies akzeptiert. Diese Cookies enthalten keine personenbezogenen Daten und werden gel\u00f6scht, wenn Sie Ihren Browser schlie\u00dfen.<\/p>&#13;\n&#13;\n<p>Wenn Sie sich anmelden, setzen wir mehrere Cookies, um Ihre Anmeldedaten und Anzeigeeinstellungen zu speichern. Login-Cookies sind zwei Tage g\u00fcltig und die Anzeigeeinstellungen sind ein Jahr. Wenn Sie die Option \u201eErinnern\u201c w\u00e4hlen, ist Ihr Login zwei Wochen lang g\u00fcltig. Wenn Sie sich von Ihrem Konto abmelden, werden Cookies gel\u00f6scht.<\/p>&#13;\n&#13;\n<p>Wenn Sie einen Artikel bearbeiten oder ver\u00f6ffentlichen, werden zus\u00e4tzliche Cookies in Ihrem Browser gespeichert. Diese Cookies enthalten keine personenbezogenen Daten und verlinken nur auf die von Ihnen ge\u00e4nderte Artikel-ID. Dateien sind 1 Tag g\u00fcltig.<\/p>&#13;\n&#13;\n<h2 id=\"vlozeny-obsah-z-inych-webovych-stranok\">Eingebettete Inhalte von anderen Websites<\/h2>&#13;\n&#13;\n<p>Artikel auf dieser Website k\u00f6nnen eingebettete Inhalte enthalten (z. B. Videos, Bilder, Artikel usw.). Eingebettete Inhalte von anderen Websites verhalten sich so, als ob ein Besucher eine andere Website besucht h\u00e4tte.<\/p>&#13;\n&#13;\n<p>Diese Website kann pers\u00f6nliche Informationen \u00fcber Sie sammeln, Cookies verwenden, Tracking von Drittanbietern einf\u00fcgen und Ihre Interaktion mit eingebetteten Inhalten \u00fcberwachen, einschlie\u00dflich der Verfolgung Ihrer Interaktion mit eingebetteten Inhalten, wenn Sie ein Konto auf der Website haben und angemeldet sind.<\/p>&#13;\n&#13;\n<h2 id=\"s-kym-zdielame-vase-udaje\">Mit wem wir Ihre Daten teilen<\/h2>&#13;\n&#13;\n<p>Wenn Sie ein Zur\u00fccksetzen des Passworts anfordern, wird Ihre IP-Adresse in der E-Mail zum Zur\u00fccksetzen des Passworts bereitgestellt.<\/p>&#13;\n&#13;\n<h2 id=\"ako-dlho-uchovavame-vase-udaje\">Wie lange wir Ihre Daten aufbewahren<\/h2>&#13;\n&#13;\n<p>Wenn Sie einen Kommentar hinzuf\u00fcgen, werden der Kommentar und seine Metadaten separat gespeichert. Dies erm\u00f6glicht es uns, alle zugeh\u00f6rigen Kommentare automatisch zu erkennen und zu genehmigen, ohne dass wir moderiert werden m\u00fcssen.<\/p>&#13;\n&#13;\n<p>F\u00fcr Benutzer, die sich auf unserer Website registrieren (falls vorhanden), speichern wir auch die pers\u00f6nlichen Informationen, die sie in ihrem Benutzerprofil angeben. Alle Benutzer k\u00f6nnen ihre pers\u00f6nlichen Daten jederzeit einsehen, bearbeiten oder l\u00f6schen (ausgenommen Benutzerwechsel). Webmaster k\u00f6nnen diese Informationen auch anzeigen und bearbeiten.<\/p>&#13;\n&#13;\n<h2 id=\"ake-prava-mate-nad-svojimi-udajmi\">Welche Rechte haben Sie an Ihren Daten?<\/h2>&#13;\n&#13;\n<p>Wenn Sie ein Konto auf dieser Website haben oder hier einen Kommentar abgegeben haben, k\u00f6nnen Sie den Export Ihrer personenbezogenen Daten, die wir \u00fcber Sie speichern, einschlie\u00dflich der Daten, die Sie uns zur Verf\u00fcgung gestellt haben, anfordern. Sie k\u00f6nnen auch die L\u00f6schung personenbezogener Daten verlangen. Dies gilt jedoch nicht f\u00fcr Daten, die wir aus administrativen, rechtlichen oder Sicherheitsgr\u00fcnden \u00fcber Sie aufbewahren m\u00fcssen.<\/p>&#13;\n&#13;\n<h2 id=\"kam-posielame-vase-udaje\">Wohin wir Ihre Daten senden<\/h2>&#13;\n&#13;\n<p>Besucher-Kommentare k\u00f6nnen von einem automatisierten Dienst zur Spam-Erkennung untersucht werden.<\/p>&#13;\n","protected":false},"excerpt":{"rendered":"<p>&#13; Wer wir sind &#13; &#13; Die Adresse unserer Website lautet: https:\/\/www.glassteel.sk. &#13; &#13; Bemerkungen &#13; &#13; Wenn Website-Besucher Kommentare auf einer Seite hinterlassen, erfassen wir die Daten, die im&#8230;<\/p>\n","protected":false},"author":1,"featured_media":0,"parent":0,"menu_order":0,"comment_status":"closed","ping_status":"open","template":"","meta":[],"yoast_head":"<!-- This site is optimized with the Yoast SEO plugin v18.4.1 - https:\/\/yoast.com\/wordpress\/plugins\/seo\/ -->\n<title>Datenschutz-Bestimmungen - Glassteel<\/title>\n<meta name=\"robots\" content=\"index, follow, max-snippet:-1, max-image-preview:large, max-video-preview:-1\" \/>\n<link rel=\"canonical\" href=\"https:\/\/www.glassteel.sk\/de\/datenschutz-bestimmungen\/\" \/>\n<meta property=\"og:locale\" content=\"de_DE\" \/>\n<meta property=\"og:type\" content=\"article\" \/>\n<meta property=\"og:title\" content=\"Datenschutz-Bestimmungen - Glassteel\" \/>\n<meta property=\"og:description\" content=\"&#013; Wer wir sind &#013; &#013; Die Adresse unserer Website lautet: https:\/\/www.glassteel.sk. &#013; &#013; Bemerkungen &#013; &#013; Wenn Website-Besucher Kommentare auf einer Seite hinterlassen, erfassen wir die Daten, die im...\" \/>\n<meta property=\"og:url\" content=\"https:\/\/www.glassteel.sk\/de\/datenschutz-bestimmungen\/\" \/>\n<meta property=\"og:site_name\" content=\"Glassteel\" \/>\n<meta property=\"article:modified_time\" content=\"2022-03-29T13:46:12+00:00\" \/>\n<meta name=\"twitter:card\" content=\"summary_large_image\" \/>\n<meta name=\"twitter:label1\" content=\"Gesch\u00e4tzte Lesezeit\" \/>\n\t<meta name=\"twitter:data1\" content=\"3 Minuten\" \/>\n<script type=\"application\/ld+json\" class=\"yoast-schema-graph\">{\"@context\":\"https:\/\/schema.org\",\"@graph\":[{\"@type\":\"WebSite\",\"@id\":\"https:\/\/www.glassteel.sk\/#website\",\"url\":\"https:\/\/www.glassteel.sk\/\",\"name\":\"Glassteel\",\"description\":\"Sklenen\u00e9 z\u00e1bradlia\",\"potentialAction\":[{\"@type\":\"SearchAction\",\"target\":{\"@type\":\"EntryPoint\",\"urlTemplate\":\"https:\/\/www.glassteel.sk\/?s={search_term_string}\"},\"query-input\":\"required name=search_term_string\"}],\"inLanguage\":\"de-DE\"},{\"@type\":\"WebPage\",\"@id\":\"https:\/\/www.glassteel.sk\/de\/datenschutz-bestimmungen\/#webpage\",\"url\":\"https:\/\/www.glassteel.sk\/de\/datenschutz-bestimmungen\/\",\"name\":\"Datenschutz-Bestimmungen - Glassteel\",\"isPartOf\":{\"@id\":\"https:\/\/www.glassteel.sk\/#website\"},\"datePublished\":\"2022-01-21T10:27:47+00:00\",\"dateModified\":\"2022-03-29T13:46:12+00:00\",\"breadcrumb\":{\"@id\":\"https:\/\/www.glassteel.sk\/de\/datenschutz-bestimmungen\/#breadcrumb\"},\"inLanguage\":\"de-DE\",\"potentialAction\":[{\"@type\":\"ReadAction\",\"target\":[\"https:\/\/www.glassteel.sk\/de\/datenschutz-bestimmungen\/\"]}]},{\"@type\":\"BreadcrumbList\",\"@id\":\"https:\/\/www.glassteel.sk\/de\/datenschutz-bestimmungen\/#breadcrumb\",\"itemListElement\":[{\"@type\":\"ListItem\",\"position\":1,\"name\":\"Domovsk\u00e1 str\u00e1nka\",\"item\":\"https:\/\/www.glassteel.sk\/de\/\"},{\"@type\":\"ListItem\",\"position\":2,\"name\":\"Datenschutz-Bestimmungen\"}]}]}<\/script>\n<!-- \/ Yoast SEO plugin. -->","yoast_head_json":{"title":"Datenschutz-Bestimmungen - Glassteel","robots":{"index":"index","follow":"follow","max-snippet":"max-snippet:-1","max-image-preview":"max-image-preview:large","max-video-preview":"max-video-preview:-1"},"canonical":"https:\/\/www.glassteel.sk\/de\/datenschutz-bestimmungen\/","og_locale":"de_DE","og_type":"article","og_title":"Datenschutz-Bestimmungen - Glassteel","og_description":"&#13; Wer wir sind &#13; &#13; Die Adresse unserer Website lautet: https:\/\/www.glassteel.sk. &#13; &#13; Bemerkungen &#13; &#13; Wenn Website-Besucher Kommentare auf einer Seite hinterlassen, erfassen wir die Daten, die im...","og_url":"https:\/\/www.glassteel.sk\/de\/datenschutz-bestimmungen\/","og_site_name":"Glassteel","article_modified_time":"2022-03-29T13:46:12+00:00","twitter_card":"summary_large_image","twitter_misc":{"Gesch\u00e4tzte Lesezeit":"3 Minuten"},"schema":{"@context":"https:\/\/schema.org","@graph":[{"@type":"WebSite","@id":"https:\/\/www.glassteel.sk\/#website","url":"https:\/\/www.glassteel.sk\/","name":"Glassteel","description":"Sklenen\u00e9 z\u00e1bradlia","potentialAction":[{"@type":"SearchAction","target":{"@type":"EntryPoint","urlTemplate":"https:\/\/www.glassteel.sk\/?s={search_term_string}"},"query-input":"required name=search_term_string"}],"inLanguage":"de-DE"},{"@type":"WebPage","@id":"https:\/\/www.glassteel.sk\/de\/datenschutz-bestimmungen\/#webpage","url":"https:\/\/www.glassteel.sk\/de\/datenschutz-bestimmungen\/","name":"Datenschutz-Bestimmungen - Glassteel","isPartOf":{"@id":"https:\/\/www.glassteel.sk\/#website"},"datePublished":"2022-01-21T10:27:47+00:00","dateModified":"2022-03-29T13:46:12+00:00","breadcrumb":{"@id":"https:\/\/www.glassteel.sk\/de\/datenschutz-bestimmungen\/#breadcrumb"},"inLanguage":"de-DE","potentialAction":[{"@type":"ReadAction","target":["https:\/\/www.glassteel.sk\/de\/datenschutz-bestimmungen\/"]}]},{"@type":"BreadcrumbList","@id":"https:\/\/www.glassteel.sk\/de\/datenschutz-bestimmungen\/#breadcrumb","itemListElement":[{"@type":"ListItem","position":1,"name":"Domovsk\u00e1 str\u00e1nka","item":"https:\/\/www.glassteel.sk\/de\/"},{"@type":"ListItem","position":2,"name":"Datenschutz-Bestimmungen"}]}]}},"_links":{"self":[{"href":"https:\/\/www.glassteel.sk\/de\/wp-json\/wp\/v2\/pages\/6969"}],"collection":[{"href":"https:\/\/www.glassteel.sk\/de\/wp-json\/wp\/v2\/pages"}],"about":[{"href":"https:\/\/www.glassteel.sk\/de\/wp-json\/wp\/v2\/types\/page"}],"author":[{"embeddable":true,"href":"https:\/\/www.glassteel.sk\/de\/wp-json\/wp\/v2\/users\/1"}],"replies":[{"embeddable":true,"href":"https:\/\/www.glassteel.sk\/de\/wp-json\/wp\/v2\/comments?post=6969"}],"version-history":[{"count":1,"href":"https:\/\/www.glassteel.sk\/de\/wp-json\/wp\/v2\/pages\/6969\/revisions"}],"predecessor-version":[{"id":6970,"href":"https:\/\/www.glassteel.sk\/de\/wp-json\/wp\/v2\/pages\/6969\/revisions\/6970"}],"wp:attachment":[{"href":"https:\/\/www.glassteel.sk\/de\/wp-json\/wp\/v2\/media?parent=6969"}],"curies":[{"name":"wp","href":"https:\/\/api.w.org\/{rel}","templated":true}]}}